{"id":3028,"date":"2025-02-06T15:44:55","date_gmt":"2025-02-06T15:44:55","guid":{"rendered":"https:\/\/mpsp.xudev.io\/?page_id=3028"},"modified":"2025-02-15T13:01:10","modified_gmt":"2025-02-15T13:01:10","slug":"interview","status":"publish","type":"page","link":"https:\/\/mpsp.xudev.io\/en\/interview\/","title":{"rendered":"Interview"},"content":{"rendered":"<div data-elementor-type=\"wp-page\" data-elementor-id=\"3028\" class=\"elementor elementor-3028\" data-elementor-post-type=\"page\">\n\t\t\t\t<div class=\"elementor-element elementor-element-3031d018 e-flex e-con-boxed e-con e-parent\" data-id=\"3031d018\" data-element_type=\"container\" data-settings=\"{&quot;background_background&quot;:&quot;classic&quot;}\">\n\t\t\t\t\t<div class=\"e-con-inner\">\n\t\t\t\t<div class=\"elementor-element elementor-element-22b38a27 elementor-widget elementor-widget-heading\" data-id=\"22b38a27\" data-element_type=\"widget\" data-widget_type=\"heading.default\">\n\t\t\t\t<div class=\"elementor-widget-container\">\n\t\t\t\t\t<h2 class=\"elementor-heading-title elementor-size-default\">M\u00fcgge Personal &amp; Sales Partner<\/h2>\t\t\t\t<\/div>\n\t\t\t\t<\/div>\n\t\t\t\t<div class=\"elementor-element elementor-element-2b6dd90 elementor-widget elementor-widget-heading\" data-id=\"2b6dd90\" data-element_type=\"widget\" data-widget_type=\"heading.default\">\n\t\t\t\t<div class=\"elementor-widget-container\">\n\t\t\t\t\t<h3 class=\"elementor-heading-title elementor-size-default\">A new bridge between companies and skilled workers<\/h3>\t\t\t\t<\/div>\n\t\t\t\t<\/div>\n\t\t\t\t<div class=\"elementor-element elementor-element-29c12287 elementor-widget elementor-widget-text-editor\" data-id=\"29c12287\" data-element_type=\"widget\" data-widget_type=\"text-editor.default\">\n\t\t\t\t<div class=\"elementor-widget-container\">\n\t\t\t\t\t\t\t\t\t<p data-pm-slice=\"1 1 []\"><strong>Berlin, February 7, 2025<\/strong><\/p><p data-pm-slice=\"1 1 []\">Die Personalvermittlungsbranche steht vor immer neuen Herausforderungen. In einem exklusiven Interview sprechen Mick M\u00fcgge und Valentino Pavlovic, die Gr\u00fcnder von M\u00fcgge Personal &amp; Sales Partner (MPSP), \u00fcber ihre Motivation, Herausforderungen und Visionen f\u00fcr die Zukunft.<\/p>\t\t\t\t\t\t\t\t<\/div>\n\t\t\t\t<\/div>\n\t\t\t\t\t<\/div>\n\t\t\t\t<\/div>\n\t\t<div class=\"elementor-element elementor-element-2a1fb1a e-flex e-con-boxed e-con e-parent\" data-id=\"2a1fb1a\" data-element_type=\"container\">\n\t\t\t\t\t<div class=\"e-con-inner\">\n\t\t<div class=\"elementor-element elementor-element-5fe19bc8 e-con-full e-flex e-con e-child\" data-id=\"5fe19bc8\" data-element_type=\"container\">\n\t\t<div class=\"elementor-element elementor-element-5bb6618d e-con-full e-flex e-con e-child\" data-id=\"5bb6618d\" data-element_type=\"container\" data-settings=\"{&quot;background_background&quot;:&quot;classic&quot;}\">\n\t\t<div class=\"elementor-element elementor-element-935974b e-con-full e-flex e-con e-child\" data-id=\"935974b\" data-element_type=\"container\">\n\t\t\t\t<div class=\"elementor-element elementor-element-33dce200 elementor-widget elementor-widget-image\" data-id=\"33dce200\" data-element_type=\"widget\" data-widget_type=\"image.default\">\n\t\t\t\t<div class=\"elementor-widget-container\">\n\t\t\t\t\t\t\t\t\t\t\t\t\t\t\t<img decoding=\"async\" src=\"https:\/\/mpsp-partner.de\/wp-content\/uploads\/2024\/05\/essential-guide-v1-1.jpg\" title=\"\" alt=\"\" loading=\"lazy\" \/>\t\t\t\t\t\t\t\t\t\t\t\t\t\t\t<\/div>\n\t\t\t\t<\/div>\n\t\t\t\t<\/div>\n\t\t<div class=\"elementor-element elementor-element-8d4c3dd e-con-full e-flex e-con e-child\" data-id=\"8d4c3dd\" data-element_type=\"container\">\n\t\t\t\t<div class=\"elementor-element elementor-element-2a57a24c elementor-widget elementor-widget-heading\" data-id=\"2a57a24c\" data-element_type=\"widget\" data-widget_type=\"heading.default\">\n\t\t\t\t<div class=\"elementor-widget-container\">\n\t\t\t\t\t<h2 class=\"elementor-heading-title elementor-size-default\">The founding of MPSP: A bridge between companies and professionals<\/h2>\t\t\t\t<\/div>\n\t\t\t\t<\/div>\n\t\t\t\t<div class=\"elementor-element elementor-element-74085bbe elementor-widget elementor-widget-text-editor\" data-id=\"74085bbe\" data-element_type=\"widget\" data-widget_type=\"text-editor.default\">\n\t\t\t\t<div class=\"elementor-widget-container\">\n\t\t\t\t\t\t\t\t\t<p data-pm-slice=\"1 1 []\"><strong>Moderator:<\/strong> Mr. M\u00fcgge, Mr. Pavlovic, you founded MPSP to support companies in the area of \u200b\u200bpersonnel placement and temporary employment. What was your motivation to become self-employed in this area?<\/p><p><strong>Mick M\u00fcgge:<\/strong> Our motivation is to build a bridge between companies and qualified specialists, especially in the blue-collar sector. Many companies are urgently looking for staff, but the market is often confusing. We not only wanted to close this gap, but to do so with the highest standards of quality and efficiency.<\/p><p><strong>Valentino Pavlovic:<\/strong> In addition, we cover the entire process - from recruitment to legal issues such as visa processes and residence permits. There are many administrative hurdles and we want to support our customers here. Our goal is not only to place staff, but also to ensure that they fit into the company in the long term.<\/p>\t\t\t\t\t\t\t\t<\/div>\n\t\t\t\t<\/div>\n\t\t\t\t<\/div>\n\t\t\t\t<\/div>\n\t\t\t\t<\/div>\n\t\t\t\t\t<\/div>\n\t\t\t\t<\/div>\n\t\t<div class=\"elementor-element elementor-element-2b927ed6 e-con-full e-flex e-con e-parent\" data-id=\"2b927ed6\" data-element_type=\"container\" data-settings=\"{&quot;background_background&quot;:&quot;classic&quot;}\">\n\t\t<div class=\"elementor-element elementor-element-22fe97d4 e-con-full e-flex e-con e-child\" data-id=\"22fe97d4\" data-element_type=\"container\">\n\t\t\t\t<div class=\"elementor-element elementor-element-7c39e72a elementor-widget elementor-widget-heading\" data-id=\"7c39e72a\" data-element_type=\"widget\" data-widget_type=\"heading.default\">\n\t\t\t\t<div class=\"elementor-widget-container\">\n\t\t\t\t\t<h2 class=\"elementor-heading-title elementor-size-default\">International Recruitment: The Process Behind Recruitment<\/h2>\t\t\t\t<\/div>\n\t\t\t\t<\/div>\n\t\t\t\t<div class=\"elementor-element elementor-element-427f169a elementor-widget elementor-widget-text-editor\" data-id=\"427f169a\" data-element_type=\"widget\" data-widget_type=\"text-editor.default\">\n\t\t\t\t<div class=\"elementor-widget-container\">\n\t\t\t\t\t\t\t\t\t<p data-pm-slice=\"1 1 []\"><strong>Moderator:<\/strong> They recruit mainly from EU countries, but also take third countries into account. How does this process work?<\/p><p><strong>Mick M\u00fcgge:<\/strong> We primarily rely on skilled workers from the EU, as this enables quick and flexible recruitment. But we also have experience with recruiting from third countries, which requires more intensive support - from the residence permit to the visa process. Our team takes care of all administrative steps so that our customers can concentrate on their day-to-day business.<\/p><p><strong>Valentino Pavlovic:<\/strong> The focus on EU countries offers our customers short-term solutions, while our international network is advantageous for specific requirements. No matter whether short-term or long-term assignments \u2013 we always find a solution.<\/p>\t\t\t\t\t\t\t\t<\/div>\n\t\t\t\t<\/div>\n\t\t\t\t<\/div>\n\t\t<div class=\"elementor-element elementor-element-48756862 e-con-full e-flex e-con e-child\" data-id=\"48756862\" data-element_type=\"container\">\n\t\t\t\t<div class=\"elementor-element elementor-element-47afba3a elementor-widget elementor-widget-image\" data-id=\"47afba3a\" data-element_type=\"widget\" data-widget_type=\"image.default\">\n\t\t\t\t<div class=\"elementor-widget-container\">\n\t\t\t\t\t\t\t\t\t\t\t\t\t\t\t<img decoding=\"async\" src=\"https:\/\/mpsp-partner.de\/wp-content\/uploads\/2024\/05\/features-v1-img3.jpg\" title=\"\" alt=\"\" loading=\"lazy\" \/>\t\t\t\t\t\t\t\t\t\t\t\t\t\t\t<\/div>\n\t\t\t\t<\/div>\n\t\t\t\t<\/div>\n\t\t\t\t<\/div>\n\t\t<div class=\"elementor-element elementor-element-63bcb6e2 e-flex e-con-boxed e-con e-parent\" data-id=\"63bcb6e2\" data-element_type=\"container\">\n\t\t\t\t\t<div class=\"e-con-inner\">\n\t\t<div class=\"elementor-element elementor-element-20f1e544 e-con-full e-flex e-con e-child\" data-id=\"20f1e544\" data-element_type=\"container\" data-settings=\"{&quot;background_background&quot;:&quot;classic&quot;}\">\n\t\t<div class=\"elementor-element elementor-element-56d66636 e-con-full e-flex e-con e-child\" data-id=\"56d66636\" data-element_type=\"container\">\n\t\t\t\t<div class=\"elementor-element elementor-element-12309229 elementor-widget elementor-widget-image\" data-id=\"12309229\" data-element_type=\"widget\" data-widget_type=\"image.default\">\n\t\t\t\t<div class=\"elementor-widget-container\">\n\t\t\t\t\t\t\t\t\t\t\t\t\t\t\t<img fetchpriority=\"high\" decoding=\"async\" width=\"525\" height=\"350\" src=\"https:\/\/mpsp.xudev.io\/wp-content\/uploads\/2025\/02\/light-300431_1920-1024x683.jpg\" class=\"attachment-large size-large wp-image-3048\" alt=\"\" srcset=\"https:\/\/mpsp.xudev.io\/wp-content\/uploads\/2025\/02\/light-300431_1920-1024x683.jpg 1024w, https:\/\/mpsp.xudev.io\/wp-content\/uploads\/2025\/02\/light-300431_1920-300x200.jpg 300w, https:\/\/mpsp.xudev.io\/wp-content\/uploads\/2025\/02\/light-300431_1920-768x512.jpg 768w, https:\/\/mpsp.xudev.io\/wp-content\/uploads\/2025\/02\/light-300431_1920-1536x1024.jpg 1536w, https:\/\/mpsp.xudev.io\/wp-content\/uploads\/2025\/02\/light-300431_1920.jpg 1920w\" sizes=\"(max-width: 525px) 100vw, 525px\" \/>\t\t\t\t\t\t\t\t\t\t\t\t\t\t\t<\/div>\n\t\t\t\t<\/div>\n\t\t\t\t<\/div>\n\t\t<div class=\"elementor-element elementor-element-49b3341f e-con-full e-flex e-con e-child\" data-id=\"49b3341f\" data-element_type=\"container\">\n\t\t\t\t<div class=\"elementor-element elementor-element-7c0759ad elementor-widget elementor-widget-heading\" data-id=\"7c0759ad\" data-element_type=\"widget\" data-widget_type=\"heading.default\">\n\t\t\t\t<div class=\"elementor-widget-container\">\n\t\t\t\t\t<h2 class=\"elementor-heading-title elementor-size-default\">What makes MPSP unique? An innovative recruiting concept<\/h2>\t\t\t\t<\/div>\n\t\t\t\t<\/div>\n\t\t\t\t<div class=\"elementor-element elementor-element-6caedc90 elementor-widget elementor-widget-text-editor\" data-id=\"6caedc90\" data-element_type=\"widget\" data-widget_type=\"text-editor.default\">\n\t\t\t\t<div class=\"elementor-widget-container\">\n\t\t\t\t\t\t\t\t\t<p data-pm-slice=\"1 1 []\"><strong>Moderator:<\/strong> What makes MPSP different from other staffing providers?<\/p><p><strong>Mick M\u00fcgge:<\/strong> Our innovative recruiting concept! Customers can actively participate in the selection of candidates. Our multi-step process includes interviews and quality tests. The decision as to who is hired rests with the customer.<\/p><p><strong>Valentino Pavlovic:<\/strong> We also offer trial days so that both companies and candidates can test whether the collaboration is a good fit. This increases the success rate and gives both sides security. Customers value this transparency and flexibility.<\/p>\t\t\t\t\t\t\t\t<\/div>\n\t\t\t\t<\/div>\n\t\t\t\t<\/div>\n\t\t\t\t<\/div>\n\t\t\t\t\t<\/div>\n\t\t\t\t<\/div>\n\t\t<div class=\"elementor-element elementor-element-6519b1f0 e-flex e-con-boxed e-con e-parent\" data-id=\"6519b1f0\" data-element_type=\"container\">\n\t\t\t\t\t<div class=\"e-con-inner\">\n\t\t<div class=\"elementor-element elementor-element-1ee01033 e-con-full e-flex e-con e-child\" data-id=\"1ee01033\" data-element_type=\"container\" data-settings=\"{&quot;background_background&quot;:&quot;classic&quot;}\">\n\t\t<div class=\"elementor-element elementor-element-49e5b4bb e-con-full e-flex e-con e-child\" data-id=\"49e5b4bb\" data-element_type=\"container\">\n\t\t\t\t<div class=\"elementor-element elementor-element-5f44ec54 elementor-widget elementor-widget-heading\" data-id=\"5f44ec54\" data-element_type=\"widget\" data-widget_type=\"heading.default\">\n\t\t\t\t<div class=\"elementor-widget-container\">\n\t\t\t\t\t<h2 class=\"elementor-heading-title elementor-size-default\">Beyond pure brokerage: long-term partnerships<\/h2>\t\t\t\t<\/div>\n\t\t\t\t<\/div>\n\t\t\t\t<div class=\"elementor-element elementor-element-19863713 elementor-widget elementor-widget-text-editor\" data-id=\"19863713\" data-element_type=\"widget\" data-widget_type=\"text-editor.default\">\n\t\t\t\t<div class=\"elementor-widget-container\">\n\t\t\t\t\t\t\t\t\t<p data-pm-slice=\"1 1 []\"><strong>Moderator:<\/strong> What message do you want to give potential clients?<\/p><p><strong>Mick M\u00fcgge:<\/strong> If you are looking for a partner who will support you in all strategic and operational HR issues, we are the right choice. Our customers are actively involved in the selection process and can test candidates in advance.<\/p><p><strong>Valentino Pavlovic:<\/strong> We also take care of the entire process, from simple mediations to complex visa matters. With us at your side, you will find the right employees to make your company successful.<\/p><p><br \/><strong>Moderator:<\/strong> Thank you very much for the interview, Mr. M\u00fcgge and Mr. Pavlovic.<\/p><p><strong>Mick M\u00fcgge &amp; Valentino Pavlovic:<\/strong> Thank you! We look forward to working with new partners.<\/p>\t\t\t\t\t\t\t\t<\/div>\n\t\t\t\t<\/div>\n\t\t\t\t<\/div>\n\t\t<div class=\"elementor-element elementor-element-27f542ad e-con-full e-flex e-con e-child\" data-id=\"27f542ad\" data-element_type=\"container\">\n\t\t\t\t<div class=\"elementor-element elementor-element-36a05ad2 elementor-widget elementor-widget-image\" data-id=\"36a05ad2\" data-element_type=\"widget\" data-widget_type=\"image.default\">\n\t\t\t\t<div class=\"elementor-widget-container\">\n\t\t\t\t\t\t\t\t\t\t\t\t\t\t\t<img decoding=\"async\" width=\"525\" height=\"350\" src=\"https:\/\/mpsp.xudev.io\/wp-content\/uploads\/2025\/02\/ai-generated-8881552_1920-1024x683.jpg\" class=\"attachment-large size-large wp-image-3005\" alt=\"\" srcset=\"https:\/\/mpsp.xudev.io\/wp-content\/uploads\/2025\/02\/ai-generated-8881552_1920-1024x683.jpg 1024w, https:\/\/mpsp.xudev.io\/wp-content\/uploads\/2025\/02\/ai-generated-8881552_1920-300x200.jpg 300w, https:\/\/mpsp.xudev.io\/wp-content\/uploads\/2025\/02\/ai-generated-8881552_1920-768x512.jpg 768w, https:\/\/mpsp.xudev.io\/wp-content\/uploads\/2025\/02\/ai-generated-8881552_1920-1536x1024.jpg 1536w, https:\/\/mpsp.xudev.io\/wp-content\/uploads\/2025\/02\/ai-generated-8881552_1920.jpg 1920w\" sizes=\"(max-width: 525px) 100vw, 525px\" \/>\t\t\t\t\t\t\t\t\t\t\t\t\t\t\t<\/div>\n\t\t\t\t<\/div>\n\t\t\t\t<\/div>\n\t\t\t\t<\/div>\n\t\t\t\t\t<\/div>\n\t\t\t\t<\/div>\n\t\t\t\t<\/div>","protected":false},"excerpt":{"rendered":"<p>M\u00fcgge Personal &amp; Sales Partner Eine neue Br\u00fccke zwischen Unternehmen und Fachkr\u00e4ften Berlin, 07. Februar 2025 Die Personalvermittlungsbranche steht vor immer neuen Herausforderungen. In einem exklusiven Interview sprechen Mick M\u00fcgge und Valentino Pavlovic, die Gr\u00fcnder von M\u00fcgge Personal &amp; Sales Partner (MPSP), \u00fcber ihre Motivation, Herausforderungen und Visionen f\u00fcr die Zukunft. Die Gr\u00fcndung von MPSP: [&hellip;]<\/p>","protected":false},"author":1,"featured_media":0,"parent":0,"menu_order":0,"comment_status":"closed","ping_status":"closed","template":"","meta":{"footnotes":""},"class_list":["post-3028","page","type-page","status-publish","hentry"],"_links":{"self":[{"href":"https:\/\/mpsp.xudev.io\/en\/wp-json\/wp\/v2\/pages\/3028","targetHints":{"allow":["GET"]}}],"collection":[{"href":"https:\/\/mpsp.xudev.io\/en\/wp-json\/wp\/v2\/pages"}],"about":[{"href":"https:\/\/mpsp.xudev.io\/en\/wp-json\/wp\/v2\/types\/page"}],"author":[{"embeddable":true,"href":"https:\/\/mpsp.xudev.io\/en\/wp-json\/wp\/v2\/users\/1"}],"replies":[{"embeddable":true,"href":"https:\/\/mpsp.xudev.io\/en\/wp-json\/wp\/v2\/comments?post=3028"}],"version-history":[{"count":31,"href":"https:\/\/mpsp.xudev.io\/en\/wp-json\/wp\/v2\/pages\/3028\/revisions"}],"predecessor-version":[{"id":3211,"href":"https:\/\/mpsp.xudev.io\/en\/wp-json\/wp\/v2\/pages\/3028\/revisions\/3211"}],"wp:attachment":[{"href":"https:\/\/mpsp.xudev.io\/en\/wp-json\/wp\/v2\/media?parent=3028"}],"curies":[{"name":"wp","href":"https:\/\/api.w.org\/{rel}","templated":true}]}}