{"id":3109,"date":"2025-02-09T17:23:19","date_gmt":"2025-02-09T17:23:19","guid":{"rendered":"https:\/\/mpsp.xudev.io\/?page_id=3109"},"modified":"2025-08-20T07:17:21","modified_gmt":"2025-08-20T07:17:21","slug":"impressum","status":"publish","type":"page","link":"https:\/\/mpsp.xudev.io\/en\/impressum\/","title":{"rendered":"Impressum"},"content":{"rendered":"<div data-elementor-type=\"wp-page\" data-elementor-id=\"3109\" class=\"elementor elementor-3109\" data-elementor-post-type=\"page\">\n\t\t\t\t<div class=\"elementor-element elementor-element-b0ab9a3 e-flex e-con-boxed e-con e-parent\" data-id=\"b0ab9a3\" data-element_type=\"container\">\n\t\t\t\t\t<div class=\"e-con-inner\">\n\t\t\t\t<div class=\"elementor-element elementor-element-e8515ed elementor-widget elementor-widget-heading\" data-id=\"e8515ed\" data-element_type=\"widget\" data-widget_type=\"heading.default\">\n\t\t\t\t<div class=\"elementor-widget-container\">\n\t\t\t\t\t<h2 class=\"elementor-heading-title elementor-size-default\">IMPRESSUM<\/h2>\t\t\t\t<\/div>\n\t\t\t\t<\/div>\n\t\t\t\t\t<\/div>\n\t\t\t\t<\/div>\n\t\t<div class=\"elementor-element elementor-element-640d5de e-flex e-con-boxed e-con e-parent\" data-id=\"640d5de\" data-element_type=\"container\">\n\t\t\t\t\t<div class=\"e-con-inner\">\n\t\t\t\t<div class=\"elementor-element elementor-element-e0e461a elementor-widget elementor-widget-text-editor\" data-id=\"e0e461a\" data-element_type=\"widget\" data-widget_type=\"text-editor.default\">\n\t\t\t\t<div class=\"elementor-widget-container\">\n\t\t\t\t\t\t\t\t\t<p><strong>Impressum<\/strong><br \/>Mick M\u00fcgge<br \/>MPSP M\u00fcgge Personal &amp; Sales Partner Schweriner Stra\u00dfe, 12A<br \/>33803 Steinhagen<\/p><p><br \/><strong>Contact<\/strong><br \/>Telefon: 0151 722087 78<br \/>E-Mail: info@mpsp-partner.de<\/p><p><br \/><strong>Umsatzsteuer-ID<\/strong><br \/>Umsatzsteuer-Identifikationsnummer gem\u00e4\u00df \u00a7 27 a Umsatzsteuergesetz:<br \/>DE400235570<\/p><p><br \/><strong>Verbraucherstreitbeilegung\/Universalschlichtungsstelle<\/strong><br \/>Wir sind nicht bereit oder verpflichtet, an Streitbeilegungsverfahren vor einer<br \/>Verbraucherschlichtungsstelle teilzunehmen.<\/p><p><br \/><strong>Quelle:<\/strong><br \/>https:\/\/www.e-recht24.de\/impressum-generator.html<\/p>\t\t\t\t\t\t\t\t<\/div>\n\t\t\t\t<\/div>\n\t\t\t\t\t<\/div>\n\t\t\t\t<\/div>\n\t\t\t\t<\/div>","protected":false},"excerpt":{"rendered":"<p>IMPRESSUM ImpressumMick M\u00fcggeMPSP M\u00fcgge Personal &amp; Sales Partner Schweriner Stra\u00dfe, 12A33803 Steinhagen KontaktTelefon: 0151 722087 78E-Mail: info@mpsp-partner.de Umsatzsteuer-IDUmsatzsteuer-Identifikationsnummer gem\u00e4\u00df \u00a7 27 a Umsatzsteuergesetz:DE400235570 Verbraucherstreitbeilegung\/UniversalschlichtungsstelleWir sind nicht bereit oder verpflichtet, an Streitbeilegungsverfahren vor einerVerbraucherschlichtungsstelle teilzunehmen. Quelle:https:\/\/www.e-recht24.de\/impressum-generator.html<\/p>","protected":false},"author":1,"featured_media":0,"parent":0,"menu_order":0,"comment_status":"closed","ping_status":"closed","template":"","meta":{"footnotes":""},"class_list":["post-3109","page","type-page","status-publish","hentry"],"_links":{"self":[{"href":"https:\/\/mpsp.xudev.io\/en\/wp-json\/wp\/v2\/pages\/3109","targetHints":{"allow":["GET"]}}],"collection":[{"href":"https:\/\/mpsp.xudev.io\/en\/wp-json\/wp\/v2\/pages"}],"about":[{"href":"https:\/\/mpsp.xudev.io\/en\/wp-json\/wp\/v2\/types\/page"}],"author":[{"embeddable":true,"href":"https:\/\/mpsp.xudev.io\/en\/wp-json\/wp\/v2\/users\/1"}],"replies":[{"embeddable":true,"href":"https:\/\/mpsp.xudev.io\/en\/wp-json\/wp\/v2\/comments?post=3109"}],"version-history":[{"count":13,"href":"https:\/\/mpsp.xudev.io\/en\/wp-json\/wp\/v2\/pages\/3109\/revisions"}],"predecessor-version":[{"id":3678,"href":"https:\/\/mpsp.xudev.io\/en\/wp-json\/wp\/v2\/pages\/3109\/revisions\/3678"}],"wp:attachment":[{"href":"https:\/\/mpsp.xudev.io\/en\/wp-json\/wp\/v2\/media?parent=3109"}],"curies":[{"name":"wp","href":"https:\/\/api.w.org\/{rel}","templated":true}]}}