{"id":3130,"date":"2025-02-09T21:04:53","date_gmt":"2025-02-09T21:04:53","guid":{"rendered":"https:\/\/mpsp.xudev.io\/?page_id=3130"},"modified":"2025-02-15T12:22:31","modified_gmt":"2025-02-15T12:22:31","slug":"agb","status":"publish","type":"page","link":"https:\/\/mpsp.xudev.io\/en\/agb\/","title":{"rendered":"AGB"},"content":{"rendered":"<div data-elementor-type=\"wp-page\" data-elementor-id=\"3130\" class=\"elementor elementor-3130\" data-elementor-post-type=\"page\">\n\t\t\t\t<div class=\"elementor-element elementor-element-2100fcc e-flex e-con-boxed e-con e-parent\" data-id=\"2100fcc\" data-element_type=\"container\">\n\t\t\t\t\t<div class=\"e-con-inner\">\n\t\t\t\t<div class=\"elementor-element elementor-element-890ef8b elementor-widget elementor-widget-heading\" data-id=\"890ef8b\" data-element_type=\"widget\" data-widget_type=\"heading.default\">\n\t\t\t\t<div class=\"elementor-widget-container\">\n\t\t\t\t\t<h2 class=\"elementor-heading-title elementor-size-default\">Allgemeine Gesch\u00e4ftsbedingungen (AGB) der MPSP\nM\u00fcgge Personal &amp; Sales Partner<\/h2>\t\t\t\t<\/div>\n\t\t\t\t<\/div>\n\t\t\t\t<div class=\"elementor-element elementor-element-f1409a6 elementor-widget elementor-widget-text-editor\" data-id=\"f1409a6\" data-element_type=\"widget\" data-widget_type=\"text-editor.default\">\n\t\t\t\t<div class=\"elementor-widget-container\">\n\t\t\t\t\t\t\t\t\t<p>MPSP M\u00fcgge Personal &amp; Sales Partner<br \/>Schweriner Str. 12A<br \/>33803 Steinhagen<br \/>Diese Allgemeinen Gesch\u00e4ftsbedingungen (AGB) gelten f\u00fcr die Personalvermittlung<br \/>und die Arbeitnehmer\u00fcberlassung (AN\u00dc) durch MPSP M\u00fcgge Personal &amp; Sales<br \/>Partner (im Folgenden \u201eMPSP&#8221; genannt). Entgegenstehende Allgemeine<br \/>Gesch\u00e4ftsbedingungen des Kunden werden ausdr\u00fccklich nicht anerkannt, es sei<br \/>denn, MPSP stimmt diesen schriftlich zu.<br \/>1. Geltungsbereich<br \/>1.1 Diese AGB gelten f\u00fcr alle Dienstleistungen im Bereich der Personalvermittlung<br \/>und Arbeitnehmer\u00fcberlassung, die MPSP gegen\u00fcber dem Auftraggeber erbringt.<br \/>1.2 Die Personalvermittlung umfasst die Vermittlung von geeigneten Kandidaten f\u00fcr<br \/>Festanstellungen beim Auftraggeber.<br \/>1.3 Die Arbeitnehmer\u00fcberlassung erfolgt gem\u00e4\u00df den Bestimmungen des<br \/>Arbeitnehmer\u00fcberlassungsgesetzes (A\u00dcG) durch MPSP.<br \/>2. Beauftragung und Vertragsschluss<br \/>2.1 Der Vertrag kommt durch eine schriftliche Beauftragung des Auftraggebers<br \/>zustande. Bei der Personalvermittlung gilt der Vertrag sp\u00e4testens mit der Vorstellung<br \/>eines Kandidaten als abgeschlossen.<br \/>2.2 F\u00fcr die Arbeitnehmer\u00fcberlassung wird ein Arbeitnehmer\u00fcberlassungsvertrag<br \/>(AN\u00dc-Vertrag) geschlossen.<\/p>\t\t\t\t\t\t\t\t<\/div>\n\t\t\t\t<\/div>\n\t\t\t\t<div class=\"elementor-element elementor-element-0632a3b elementor-widget elementor-widget-text-editor\" data-id=\"0632a3b\" data-element_type=\"widget\" data-widget_type=\"text-editor.default\">\n\t\t\t\t<div class=\"elementor-widget-container\">\n\t\t\t\t\t\t\t\t\t<p>3. Leistungen von MPSP<br \/>3.1 Personalvermittlung<br \/>MPSP \u00fcbernimmt im Rahmen der Personalvermittlung folgende Aufgaben:<br \/>\u25cf Sichtung und Vorauswahl geeigneter Kandidaten<br \/>\u25cf Vorstellung der Kandidaten beim Auftraggeber<br \/>\u25cf Unterst\u00fctzung bei der Koordination von Bewerbungsgespr\u00e4chen<br \/>\u25cf Weiterleitung relevanter Bewerberdaten, wie Lebensl\u00e4ufe und Zeugnisse<br \/>\u25cf Unterst\u00fctzung bei Vertragsverhandlungen<br \/>3.2 Arbeitnehmer\u00fcberlassung<br \/>MPSP stellt qualifizierte Arbeitnehmer f\u00fcr den vorab vereinbarten Einsatz zur<br \/>Verf\u00fcgung. Die Auswahl erfolgt nach den Anforderungen des Auftraggebers. MPSP<br \/>kann die Mitarbeiter im Rahmen des Einsatzes durch gleichwertiges Personal<br \/>ersetzen, wenn dies erforderlich ist und berechtigte Interessen des Auftraggebers<br \/>nicht verletzt werden.<br \/>4. Verg\u00fctung<br \/>4.1 Personalvermittlung<br \/>Die Verg\u00fctung f\u00fcr die Personalvermittlung wird auf Erfolgsbasis erhoben. Das<br \/>Vermittlungshonorar betr\u00e4gt in der Regel 25 % des Bruttojahresgehalts des<br \/>vermittelten Kandidaten und wird f\u00e4llig bei Unterzeichnung eines Arbeitsvertrags<br \/>zwischen dem Auftraggeber und dem Kandidaten. Die gesetzliche Mehrwertsteuer<br \/>wird auf das Honorar aufgeschlagen.<br \/>4.2 Arbeitnehmer\u00fcberlassung<br \/>Die Abrechnung der Arbeitnehmer\u00fcberlassung erfolgt auf Basis der tats\u00e4chlich<br \/>geleisteten Arbeitsstunden der \u00fcberlassenen Mitarbeiter. Der vereinbarte<br \/>Stundensatz enth\u00e4lt alle Lohnkosten, Sozialabgaben und Nebenkosten. Dienstreisen<br \/>der \u00fcberlassenen Mitarbeiter werden dem Auftraggeber gesondert in Rechnung<br \/>gestellt.<\/p>\t\t\t\t\t\t\t\t<\/div>\n\t\t\t\t<\/div>\n\t\t\t\t<div class=\"elementor-element elementor-element-51493f7 elementor-widget elementor-widget-text-editor\" data-id=\"51493f7\" data-element_type=\"widget\" data-widget_type=\"text-editor.default\">\n\t\t\t\t<div class=\"elementor-widget-container\">\n\t\t\t\t\t\t\t\t\t<p>Lorem ipsum dolor sit amet, consectetur adipiscing elit. Ut elit tellus, luctus nec ullamcorper mattis, pulvinar dapibus leo.<\/p>\t\t\t\t\t\t\t\t<\/div>\n\t\t\t\t<\/div>\n\t\t\t\t\t<\/div>\n\t\t\t\t<\/div>\n\t\t\t\t<\/div>","protected":false},"excerpt":{"rendered":"<p>Allgemeine Gesch\u00e4ftsbedingungen (AGB) der MPSP M\u00fcgge Personal &amp; Sales Partner MPSP M\u00fcgge Personal &amp; Sales PartnerSchweriner Str. 12A33803 SteinhagenDiese Allgemeinen Gesch\u00e4ftsbedingungen (AGB) gelten f\u00fcr die Personalvermittlungund die Arbeitnehmer\u00fcberlassung (AN\u00dc) durch MPSP M\u00fcgge Personal &amp; SalesPartner (im Folgenden \u201eMPSP&#8221; genannt). Entgegenstehende AllgemeineGesch\u00e4ftsbedingungen des Kunden werden ausdr\u00fccklich nicht anerkannt, es seidenn, MPSP stimmt diesen schriftlich zu.1. Geltungsbereich1.1 [&hellip;]<\/p>","protected":false},"author":1,"featured_media":0,"parent":0,"menu_order":0,"comment_status":"closed","ping_status":"closed","template":"","meta":{"footnotes":""},"class_list":["post-3130","page","type-page","status-publish","hentry"],"_links":{"self":[{"href":"https:\/\/mpsp.xudev.io\/en\/wp-json\/wp\/v2\/pages\/3130","targetHints":{"allow":["GET"]}}],"collection":[{"href":"https:\/\/mpsp.xudev.io\/en\/wp-json\/wp\/v2\/pages"}],"about":[{"href":"https:\/\/mpsp.xudev.io\/en\/wp-json\/wp\/v2\/types\/page"}],"author":[{"embeddable":true,"href":"https:\/\/mpsp.xudev.io\/en\/wp-json\/wp\/v2\/users\/1"}],"replies":[{"embeddable":true,"href":"https:\/\/mpsp.xudev.io\/en\/wp-json\/wp\/v2\/comments?post=3130"}],"version-history":[{"count":4,"href":"https:\/\/mpsp.xudev.io\/en\/wp-json\/wp\/v2\/pages\/3130\/revisions"}],"predecessor-version":[{"id":3188,"href":"https:\/\/mpsp.xudev.io\/en\/wp-json\/wp\/v2\/pages\/3130\/revisions\/3188"}],"wp:attachment":[{"href":"https:\/\/mpsp.xudev.io\/en\/wp-json\/wp\/v2\/media?parent=3130"}],"curies":[{"name":"wp","href":"https:\/\/api.w.org\/{rel}","templated":true}]}}