{"id":786,"date":"2024-04-28T10:32:05","date_gmt":"2024-04-28T10:32:05","guid":{"rendered":"https:\/\/wp1.themevibrant.com\/newwp\/hiringhub\/?page_id=786"},"modified":"2025-06-25T09:10:34","modified_gmt":"2025-06-25T09:10:34","slug":"about-us","status":"publish","type":"page","link":"https:\/\/mpsp.xudev.io\/en\/about-us\/","title":{"rendered":"About Us"},"content":{"rendered":"<div data-elementor-type=\"wp-page\" data-elementor-id=\"786\" class=\"elementor elementor-786\" data-elementor-post-type=\"page\">\n\t\t\t\t<div class=\"elementor-element elementor-element-6219c3f e-con-full e-flex e-con e-parent\" data-id=\"6219c3f\" data-element_type=\"container\">\n\t\t\t\t<div class=\"elementor-element elementor-element-4f59192 elementor-widget elementor-widget-hiringhub_about_us\" data-id=\"4f59192\" data-element_type=\"widget\" data-widget_type=\"hiringhub_about_us.default\">\n\t\t\t\t<div class=\"elementor-widget-container\">\n\t\t\t\t\t    \r\n        \r\n    <!--Start About Style3-->\r\n    <section class=\"about-style3\">\r\n        <div class=\"container\">\r\n            <div class=\"row\">\r\n                <div class=\"col-xl-6\">\r\n                    <div class=\"about-style3__img\">\r\n                                                <div class=\"inner\">\r\n                            <img decoding=\"async\" src=\"https:\/\/mpsp.xudev.io\/wp-content\/uploads\/2024\/04\/WhatsApp-Image-2025-06-20-at-12.13.22_14053789-e1750842412277.jpg\" alt=\"M\u00fcgge Personal &amp; Sales Partner\">\r\n                        <\/div>\r\n                                                <div class=\"overlay-box\">\r\n                                                        <div class=\"overlay-box__shape1\">\r\n                                <img decoding=\"async\" src=\"https:\/\/mpsp.xudev.io\/wp-content\/uploads\/2024\/04\/about-v3-shape1.png\" alt=\"M\u00fcgge Personal &amp; Sales Partner\">\r\n                            <\/div>\r\n                                                                                    <div class=\"overlay-box__shape2\">\r\n                                <img decoding=\"async\" src=\"https:\/\/mpsp.xudev.io\/wp-content\/uploads\/2024\/04\/about-v3-shape2.png\" alt=\"M\u00fcgge Personal &amp; Sales Partner\">\r\n                            <\/div>\r\n                                                                                    <div class=\"fact-counter text-center\">\r\n                                <div class=\"cercle-box\"><\/div>\r\n                                <div class=\"counter-box\">\r\n                                    <h2>\r\n                                        <span class=\"ziro\"><\/span>\r\n                                        <span class=\"odometer\" data-count=\"5\"><\/span>\r\n                                        <span class=\"plus\">+<\/span>\r\n                                    <\/h2>\r\n                                <\/div>\r\n                                <p>For years <br>Experience<\/p>\r\n                            <\/div>\r\n                                                    <\/div>\r\n                    <\/div>\r\n                <\/div>\r\n\r\n                <div class=\"col-xl-6\">\r\n                    <div class=\"about-style3__content\">\r\n                                                <div class=\"sec-title withtext\">\r\n\t\t\t\t\t\t\t                            <div class=\"sub-title\">\r\n                                <h4>About Us<\/h4>\r\n                            <\/div>\r\n                                                        <h2>Your partner for personnel &amp; careers<\/h2>                                                        <div class=\"text\">\r\n                                <p>Mit \u00fcber 5 Jahren Erfahrung in der Direktvermittlung, Zeitarbeit und strategischen Personalberatung verbinden wir Unternehmen mit qualifizierten Fachkr\u00e4ften \u2013 effizient, zuverl\u00e4ssig und international.<\/p>\r\n                            <\/div>\r\n                                                    <\/div>\r\n                                                <div class=\"list-item\">\r\n                            <ul class=\"clearfix\">\r\n                                                                <li>\r\n                                    <div class=\"icon-box\">\r\n                                                                                    <i class=\"icon icon-checked1\"><\/i>                                                                            <\/div>\r\n                                    <div class=\"title-box\">\r\n                                        <h3>Successful mediation<\/h3>\r\n                                        <p>98% success rate in filling positions.<\/p>\r\n                                    <\/div>\r\n                                <\/li>\r\n                                                                <li>\r\n                                    <div class=\"icon-box\">\r\n                                                                                    <i class=\"icon icon-checked1\"><\/i>                                                                            <\/div>\r\n                                    <div class=\"title-box\">\r\n                                        <h3>Quick occupation<\/h3>\r\n                                        <p>Average job filled in just 21 days.<\/p>\r\n                                    <\/div>\r\n                                <\/li>\r\n                                                                <li>\r\n                                    <div class=\"icon-box\">\r\n                                                                                    <i class=\"icon icon-checked1\"><\/i>                                                                            <\/div>\r\n                                    <div class=\"title-box\">\r\n                                        <h3>International reach<\/h3>\r\n                                        <p>Partner in 5 EU countries for Europe-wide recruitment.<\/p>\r\n                                    <\/div>\r\n                                <\/li>\r\n                                                            <\/ul>\r\n                        <\/div>\r\n                                            <\/div>\r\n                <\/div>\r\n\r\n            <\/div>\r\n        <\/div>\r\n    <\/section>\r\n    <!--End About Style3-->\r\n    \r\n      \r\n    \t\t\t\t<\/div>\n\t\t\t\t<\/div>\n\t\t\t\t<\/div>\n\t\t<div class=\"elementor-element elementor-element-3fe14ce e-con-full e-flex e-con e-parent\" data-id=\"3fe14ce\" data-element_type=\"container\">\n\t\t\t\t<div class=\"elementor-element elementor-element-4f8d93b elementor-widget elementor-widget-hiringhub_feature_services\" data-id=\"4f8d93b\" data-element_type=\"widget\" data-widget_type=\"hiringhub_feature_services.default\">\n\t\t\t\t<div class=\"elementor-widget-container\">\n\t\t\t\t\t    \r\n\t    \r\n    <!--Start Why Choose Style3-->\r\n    <section class=\"why-choose-style3\">\r\n        <div class=\"container\">\r\n                        <div class=\"sec-title text-center\">\r\n                                <div class=\"sub-title\">\r\n                    <h4>Why MPSP?<\/h4>\r\n                <\/div>\r\n                                <h2>Your advantages with us<\/h2>            <\/div>\r\n                        <div class=\"row\">\r\n\t\t\t\t                <!--Start Single Why Choose Style3-->\r\n                <div class=\"col-xl-4 col-lg-4 col-md-6\">\r\n                    <div class=\"why-choose-style3__single\">\r\n                        <div class=\"icon-box\">\r\n                            \t\t\t\t\t\t\t\t<img decoding=\"async\" src=\"https:\/\/mpsp.xudev.io\/wp-content\/uploads\/2025\/02\/why-choose-v3-icon-1.png\" title=\"why-choose-v3-icon-1\" alt=\"why-choose-v3-icon-1\" loading=\"lazy\" \/>                                                    <\/div>\r\n                        <div class=\"title-box\">\r\n                            <h3><a href=\"\"  >Minimizing hiring risks<\/a><\/h3>\r\n                            <p>With an outstanding 98% success rate, we specialize in identifying, recruiting, and securing top-tier specialists who perfectly match your needs.<\/p>\r\n                        <\/div>\r\n                        <div class=\"count-box\">\r\n                            <h1>01<\/h1>\r\n                        <\/div>\r\n                    <\/div>\r\n                <\/div>\r\n                <!--End Single Why Choose Style3-->\r\n                                <!--Start Single Why Choose Style3-->\r\n                <div class=\"col-xl-4 col-lg-4 col-md-6\">\r\n                    <div class=\"why-choose-style3__single\">\r\n                        <div class=\"icon-box\">\r\n                            \t\t\t\t\t\t\t\t<img decoding=\"async\" src=\"https:\/\/mpsp.xudev.io\/wp-content\/uploads\/2025\/02\/why-choose-v3-icon-2.png\" title=\"why-choose-v3-icon-2\" alt=\"why-choose-v3-icon-2\" loading=\"lazy\" \/>                                                    <\/div>\r\n                        <div class=\"title-box\">\r\n                            <h3><a href=\"\"  >Efficient recruitment<\/a><\/h3>\r\n                            <p>Thanks to our highly targeted and efficient hiring processes, we successfully fill positions in an average of just 21 days.<\/p>\r\n                        <\/div>\r\n                        <div class=\"count-box\">\r\n                            <h1>02<\/h1>\r\n                        <\/div>\r\n                    <\/div>\r\n                <\/div>\r\n                <!--End Single Why Choose Style3-->\r\n                                <!--Start Single Why Choose Style3-->\r\n                <div class=\"col-xl-4 col-lg-4 col-md-6\">\r\n                    <div class=\"why-choose-style3__single\">\r\n                        <div class=\"icon-box\">\r\n                            \t\t\t\t\t\t\t\t<img decoding=\"async\" src=\"https:\/\/mpsp.xudev.io\/wp-content\/uploads\/2025\/02\/why-choose-v3-icon-3.png\" title=\"why-choose-v3-icon-3\" alt=\"why-choose-v3-icon-3\" loading=\"lazy\" \/>                                                    <\/div>\r\n                        <div class=\"title-box\">\r\n                            <h3><a href=\"#\"  target=\"&quot;_blank&quot;\"  rel=\"&quot;nofollow&quot;\">Access to a broad talent pool<\/a><\/h3>\r\n                            <p>Thanks to our partnerships in 5 EU countries, we find skilled workers across borders.<\/p>\r\n                        <\/div>\r\n                        <div class=\"count-box\">\r\n                            <h1>03<\/h1>\r\n                        <\/div>\r\n                    <\/div>\r\n                <\/div>\r\n                <!--End Single Why Choose Style3-->\r\n                                <!--Start Single Why Choose Style3-->\r\n                <div class=\"col-xl-4 col-lg-4 col-md-6\">\r\n                    <div class=\"why-choose-style3__single\">\r\n                        <div class=\"icon-box\">\r\n                            \t\t\t\t\t\t\t\t<img decoding=\"async\" src=\"https:\/\/mpsp.xudev.io\/wp-content\/uploads\/2025\/02\/why-choose-v3-icon-4.png\" title=\"why-choose-v3-icon-4\" alt=\"why-choose-v3-icon-4\" loading=\"lazy\" \/>                                                    <\/div>\r\n                        <div class=\"title-box\">\r\n                            <h3><a href=\"\"  target=\"&quot;_blank&quot;\"  rel=\"&quot;nofollow&quot;\">Onboarding support<\/a><\/h3>\r\n                            <p>We provide end-to-end support, from recruitment to seamless employee integration, ensuring a smooth transition into your team.<\/p>\r\n                        <\/div>\r\n                        <div class=\"count-box\">\r\n                            <h1>04<\/h1>\r\n                        <\/div>\r\n                    <\/div>\r\n                <\/div>\r\n                <!--End Single Why Choose Style3-->\r\n                                <!--Start Single Why Choose Style3-->\r\n                <div class=\"col-xl-4 col-lg-4 col-md-6\">\r\n                    <div class=\"why-choose-style3__single\">\r\n                        <div class=\"icon-box\">\r\n                            \t\t\t\t\t\t\t\t<img decoding=\"async\" src=\"https:\/\/mpsp.xudev.io\/wp-content\/uploads\/2025\/02\/why-choose-v3-icon-5.png\" title=\"why-choose-v3-icon-5\" alt=\"why-choose-v3-icon-5\" loading=\"lazy\" \/>                                                    <\/div>\r\n                        <div class=\"title-box\">\r\n                            <h3><a href=\"#\"  target=\"&quot;_blank&quot;\"  rel=\"&quot;nofollow&quot;\">Strength<br> Employer brand<\/a><\/h3>\r\n                            <p>Our HR consulting strengthens your employer brand and retains skilled workers in the long term.<\/p>\r\n                        <\/div>\r\n                        <div class=\"count-box\">\r\n                            <h1>05<\/h1>\r\n                        <\/div>\r\n                    <\/div>\r\n                <\/div>\r\n                <!--End Single Why Choose Style3-->\r\n                                <!--Start Single Why Choose Style3-->\r\n                <div class=\"col-xl-4 col-lg-4 col-md-6\">\r\n                    <div class=\"why-choose-style3__single\">\r\n                        <div class=\"icon-box\">\r\n                            \t\t\t\t\t\t\t\t<img decoding=\"async\" src=\"https:\/\/mpsp.xudev.io\/wp-content\/uploads\/2025\/02\/why-choose-v3-icon-6.png\" title=\"why-choose-v3-icon-6\" alt=\"why-choose-v3-icon-6\" loading=\"lazy\" \/>                                                    <\/div>\r\n                        <div class=\"title-box\">\r\n                            <h3><a href=\"#\"  target=\"&quot;_blank&quot;\"  rel=\"&quot;nofollow&quot;\">Industry expertise &amp; market knowledge<\/a><\/h3>\r\n                            <p>With over 5 years of experience, we know your requirements in various industries.<\/p>\r\n                        <\/div>\r\n                        <div class=\"count-box\">\r\n                            <h1>06<\/h1>\r\n                        <\/div>\r\n                    <\/div>\r\n                <\/div>\r\n                <!--End Single Why Choose Style3-->\r\n                            <\/div>\r\n        <\/div>\r\n    <\/section>\r\n    <!--End Why Choose Style3-->\r\n    \r\n    \t\t\t\t<\/div>\n\t\t\t\t<\/div>\n\t\t\t\t<\/div>\n\t\t<div class=\"elementor-element elementor-element-0a2f036 e-flex e-con-boxed e-con e-parent\" data-id=\"0a2f036\" data-element_type=\"container\">\n\t\t\t\t\t<div class=\"e-con-inner\">\n\t\t\t\t<div class=\"elementor-element elementor-element-39d98a6 elementor-widget elementor-widget-spacer\" data-id=\"39d98a6\" data-element_type=\"widget\" data-widget_type=\"spacer.default\">\n\t\t\t\t<div class=\"elementor-widget-container\">\n\t\t\t\t\t\t\t<div class=\"elementor-spacer\">\n\t\t\t<div class=\"elementor-spacer-inner\"><\/div>\n\t\t<\/div>\n\t\t\t\t\t\t<\/div>\n\t\t\t\t<\/div>\n\t\t\t\t\t<\/div>\n\t\t\t\t<\/div>\n\t\t<div class=\"elementor-element elementor-element-f609372 e-flex e-con-boxed e-con e-parent\" data-id=\"f609372\" data-element_type=\"container\">\n\t\t\t\t\t<div class=\"e-con-inner\">\n\t\t\t\t<div class=\"elementor-element elementor-element-21ca17d elementor-widget elementor-widget-html\" data-id=\"21ca17d\" data-element_type=\"widget\" data-widget_type=\"html.default\">\n\t\t\t\t<div class=\"elementor-widget-container\">\n\t\t\t\t\t<div class=\"sec-title\">\n                                <div class=\"sub-title\">\n                    <h4>OUR TEAM<\/h4>\n                <\/div>\n                                <h2>Our team of specialists<\/h2>            <\/div>\t\t\t\t<\/div>\n\t\t\t\t<\/div>\n\t\t<div class=\"elementor-element elementor-element-70cc4f4 e-grid e-con-full e-con e-child\" data-id=\"70cc4f4\" data-element_type=\"container\">\n\t\t<div class=\"elementor-element elementor-element-6808dc4 e-con-full e-flex e-con e-child\" data-id=\"6808dc4\" data-element_type=\"container\">\n\t\t<div class=\"elementor-element elementor-element-2997fde e-con-full e-flex e-con e-child\" data-id=\"2997fde\" data-element_type=\"container\" data-settings=\"{&quot;background_background&quot;:&quot;classic&quot;,&quot;animation&quot;:&quot;none&quot;}\">\n\t\t\t\t<div class=\"elementor-element elementor-element-e142294 elementor-invisible elementor-widget elementor-widget-heading\" data-id=\"e142294\" data-element_type=\"widget\" data-settings=\"{&quot;_animation&quot;:&quot;fadeInLeft&quot;}\" data-widget_type=\"heading.default\">\n\t\t\t\t<div class=\"elementor-widget-container\">\n\t\t\t\t\t<h1 class=\"elementor-heading-title elementor-size-default\">Mick M\u00fcgge<\/h1>\t\t\t\t<\/div>\n\t\t\t\t<\/div>\n\t\t\t\t<div class=\"elementor-element elementor-element-c20f5b9 elementor-invisible elementor-widget elementor-widget-heading\" data-id=\"c20f5b9\" data-element_type=\"widget\" data-settings=\"{&quot;_animation&quot;:&quot;fadeInLeft&quot;}\" data-widget_type=\"heading.default\">\n\t\t\t\t<div class=\"elementor-widget-container\">\n\t\t\t\t\t<h3 class=\"elementor-heading-title elementor-size-default\">Founder and managing director<\/h3>\t\t\t\t<\/div>\n\t\t\t\t<\/div>\n\t\t\t\t<\/div>\n\t\t\t\t<\/div>\n\t\t<div class=\"elementor-element elementor-element-c826f3e e-con-full e-flex e-con e-child\" data-id=\"c826f3e\" data-element_type=\"container\">\n\t\t<div class=\"elementor-element elementor-element-b84b19b e-con-full e-flex e-con e-child\" data-id=\"b84b19b\" data-element_type=\"container\" data-settings=\"{&quot;background_background&quot;:&quot;classic&quot;,&quot;animation&quot;:&quot;none&quot;}\">\n\t\t\t\t<div class=\"elementor-element elementor-element-e20bfa3 elementor-invisible elementor-widget elementor-widget-heading\" data-id=\"e20bfa3\" data-element_type=\"widget\" data-settings=\"{&quot;_animation&quot;:&quot;fadeInLeft&quot;}\" data-widget_type=\"heading.default\">\n\t\t\t\t<div class=\"elementor-widget-container\">\n\t\t\t\t\t<h1 class=\"elementor-heading-title elementor-size-default\">Valentino Pavlovic\n<\/h1>\t\t\t\t<\/div>\n\t\t\t\t<\/div>\n\t\t\t\t<div class=\"elementor-element elementor-element-0ecf60a elementor-invisible elementor-widget elementor-widget-heading\" data-id=\"0ecf60a\" data-element_type=\"widget\" data-settings=\"{&quot;_animation&quot;:&quot;fadeInLeft&quot;}\" data-widget_type=\"heading.default\">\n\t\t\t\t<div class=\"elementor-widget-container\">\n\t\t\t\t\t<h3 class=\"elementor-heading-title elementor-size-default\">Head of Operations<\/h3>\t\t\t\t<\/div>\n\t\t\t\t<\/div>\n\t\t\t\t<\/div>\n\t\t\t\t<\/div>\n\t\t\t\t<\/div>\n\t\t\t\t\t<\/div>\n\t\t\t\t<\/div>\n\t\t<div class=\"elementor-element elementor-element-0ce58dd e-flex e-con-boxed e-con e-parent\" data-id=\"0ce58dd\" data-element_type=\"container\" data-settings=\"{&quot;background_background&quot;:&quot;slideshow&quot;,&quot;background_slideshow_gallery&quot;:[],&quot;background_slideshow_loop&quot;:&quot;yes&quot;,&quot;background_slideshow_slide_duration&quot;:5000,&quot;background_slideshow_slide_transition&quot;:&quot;fade&quot;,&quot;background_slideshow_transition_duration&quot;:500}\">\n\t\t\t\t\t<div class=\"e-con-inner\">\n\t\t<div class=\"elementor-element elementor-element-e9c1256 e-con-full e-flex e-con e-child\" data-id=\"e9c1256\" data-element_type=\"container\">\n\t\t\t\t<div class=\"elementor-element elementor-element-c604b20 elementor-widget elementor-widget-hiringhub_hero_title\" data-id=\"c604b20\" data-element_type=\"widget\" data-widget_type=\"hiringhub_hero_title.default\">\n\t\t\t\t<div class=\"elementor-widget-container\">\n\t\t\t\t\t    \r\n    <div class=\"sec-title withtext te-box-title\">\r\n                <div class=\"sub-title\">\r\n            <h4 class=\"te-bn-subtitle\">Key performance indicators in recruitment<\/h4>        <\/div>\r\n                <h2 class=\"te-title hiringhub-size-default\">Efficient staffing &amp; <br>Highest quality in recruiting<\/h2>                <div class=\"text normal__text\">\r\n            <p><p>At MPSP we go beyond traditional recruitment. Our innovative approach ensures a precise match between specialists and companies \u2013 for sustainable success.<\/p><\/p>\r\n        <\/div>\r\n            <\/div>\r\n    \r\n    \t\t\t\t<\/div>\n\t\t\t\t<\/div>\n\t\t\t\t<\/div>\n\t\t<div class=\"elementor-element elementor-element-5ee0f37 e-con-full e-flex e-con e-child\" data-id=\"5ee0f37\" data-element_type=\"container\">\n\t\t\t\t<div class=\"elementor-element elementor-element-1650947 elementor-widget elementor-widget-hiringhub_funfacts\" data-id=\"1650947\" data-element_type=\"widget\" data-widget_type=\"hiringhub_funfacts.default\">\n\t\t\t\t<div class=\"elementor-widget-container\">\n\t\t\t\t\t    \r\n        \r\n\t<div class=\"growth-rate-style1__growth\">\r\n        <div class=\"progress-levels-outer-box\">\r\n                        <div class=\"inner-title\">\r\n                <h5>Key performance indicators:<\/h5>\r\n            <\/div><!-- \/.inner-title -->\r\n                        <div class=\"inner-content\">\r\n                <div class=\"value-box\">\r\n                                        <div class=\"single-box first\">\r\n                        <p>0<\/p>\r\n                    <\/div>\r\n                                        <div class=\"single-box\">\r\n                        <p>20<\/p>\r\n                    <\/div>\r\n                                        <div class=\"single-box\">\r\n                        <p>40<\/p>\r\n                    <\/div>\r\n                                        <div class=\"single-box\">\r\n                        <p>60<\/p>\r\n                    <\/div>\r\n                                        <div class=\"single-box\">\r\n                        <p>80<\/p>\r\n                    <\/div>\r\n                                        <div class=\"single-box single-box-right\">\r\n                        <p>100<\/p>\r\n                    <\/div>\r\n                                    <\/div>\r\n    \r\n                <ul class=\"progress-levels\">\r\n                                        <!--Start Progress Box-->\r\n                    <li class=\"progress-box wow\">\r\n                        <div class=\"top\">\r\n                            <h4>Success rate in placements<\/h4>\r\n                            <div class=\"count-box\">\r\n                                <div class=\"skill-percent\">\r\n                                    <span class=\"count-text\" data-speed=\"3000\"\r\n                                        data-stop=\"98\">0<\/span>\r\n                                    <span class=\"percent\">%<\/span>\r\n                                <\/div>\r\n                            <\/div>\r\n                        <\/div>\r\n                        <div class=\"inner\">\r\n                            <div class=\"bar\">\r\n                                <div class=\"bar-innner\">\r\n                                    <div class=\"bar-fill\" data-percent=\"98\">\r\n                                    <\/div>\r\n                                <\/div>\r\n                            <\/div>\r\n                        <\/div>\r\n                    <\/li>\r\n                    <!--End Progress Box-->\r\n    \t\t\t\t                    <!--Start Progress Box-->\r\n                    <li class=\"progress-box wow\">\r\n                        <div class=\"top\">\r\n                            <h4>Customer satisfaction<\/h4>\r\n                            <div class=\"count-box\">\r\n                                <div class=\"skill-percent\">\r\n                                    <span class=\"count-text\" data-speed=\"3000\"\r\n                                        data-stop=\"97\">0<\/span>\r\n                                    <span class=\"percent\">%<\/span>\r\n                                <\/div>\r\n                            <\/div>\r\n                        <\/div>\r\n                        <div class=\"inner\">\r\n                            <div class=\"bar\">\r\n                                <div class=\"bar-innner\">\r\n                                    <div class=\"bar-fill\" data-percent=\"97\">\r\n                                    <\/div>\r\n                                <\/div>\r\n                            <\/div>\r\n                        <\/div>\r\n                    <\/li>\r\n                    <!--End Progress Box-->\r\n    \t\t\t\t                    <!--Start Progress Box-->\r\n                    <li class=\"progress-box wow\">\r\n                        <div class=\"top\">\r\n                            <h4>Re-appointment rate<\/h4>\r\n                            <div class=\"count-box\">\r\n                                <div class=\"skill-percent\">\r\n                                    <span class=\"count-text\" data-speed=\"3000\"\r\n                                        data-stop=\"87\">0<\/span>\r\n                                    <span class=\"percent\">%<\/span>\r\n                                <\/div>\r\n                            <\/div>\r\n                        <\/div>\r\n                        <div class=\"inner\">\r\n                            <div class=\"bar\">\r\n                                <div class=\"bar-innner\">\r\n                                    <div class=\"bar-fill\" data-percent=\"87\">\r\n                                    <\/div>\r\n                                <\/div>\r\n                            <\/div>\r\n                        <\/div>\r\n                    <\/li>\r\n                    <!--End Progress Box-->\r\n    \t\t\t\t                <\/ul>\r\n            <\/div><!-- \/.inner-content -->    \r\n        <\/div>\r\n    <\/div>\r\n    \r\n        \t\t\t\t<\/div>\n\t\t\t\t<\/div>\n\t\t\t\t<\/div>\n\t\t\t\t\t<\/div>\n\t\t\t\t<\/div>\n\t\t\t\t<\/div>","protected":false},"excerpt":{"rendered":"<p>+ Jahrelange Erfahrung \u00dcber uns Ihr Partner f\u00fcr Personal &amp; Karriere Mit \u00fcber 5 Jahren Erfahrung in der Direktvermittlung, Zeitarbeit und strategischen Personalberatung verbinden wir Unternehmen mit qualifizierten Fachkr\u00e4ften \u2013 effizient, zuverl\u00e4ssig und international. Erfolgreiche Vermittlung 98 % Erfolgsquote bei der Besetzung von Positionen. Schnelle Besetzung Durchschnittliche Stellenbesetzung in nur 21 Tagen. Internationale Reichweite Partner [&hellip;]<\/p>","protected":false},"author":1,"featured_media":0,"parent":0,"menu_order":0,"comment_status":"closed","ping_status":"closed","template":"tpl-default-elementor.php","meta":{"footnotes":""},"class_list":["post-786","page","type-page","status-publish","hentry"],"_links":{"self":[{"href":"https:\/\/mpsp.xudev.io\/en\/wp-json\/wp\/v2\/pages\/786","targetHints":{"allow":["GET"]}}],"collection":[{"href":"https:\/\/mpsp.xudev.io\/en\/wp-json\/wp\/v2\/pages"}],"about":[{"href":"https:\/\/mpsp.xudev.io\/en\/wp-json\/wp\/v2\/types\/page"}],"author":[{"embeddable":true,"href":"https:\/\/mpsp.xudev.io\/en\/wp-json\/wp\/v2\/users\/1"}],"replies":[{"embeddable":true,"href":"https:\/\/mpsp.xudev.io\/en\/wp-json\/wp\/v2\/comments?post=786"}],"version-history":[{"count":103,"href":"https:\/\/mpsp.xudev.io\/en\/wp-json\/wp\/v2\/pages\/786\/revisions"}],"predecessor-version":[{"id":3672,"href":"https:\/\/mpsp.xudev.io\/en\/wp-json\/wp\/v2\/pages\/786\/revisions\/3672"}],"wp:attachment":[{"href":"https:\/\/mpsp.xudev.io\/en\/wp-json\/wp\/v2\/media?parent=786"}],"curies":[{"name":"wp","href":"https:\/\/api.w.org\/{rel}","templated":true}]}}