{"id":815,"date":"2024-04-28T11:33:48","date_gmt":"2024-04-28T11:33:48","guid":{"rendered":"https:\/\/wp1.themevibrant.com\/newwp\/hiringhub\/?page_id=815"},"modified":"2025-02-18T16:00:58","modified_gmt":"2025-02-18T16:00:58","slug":"contact","status":"publish","type":"page","link":"https:\/\/mpsp.xudev.io\/en\/contact\/","title":{"rendered":"Contact"},"content":{"rendered":"<div data-elementor-type=\"wp-page\" data-elementor-id=\"815\" class=\"elementor elementor-815\" data-elementor-post-type=\"page\">\n\t\t\t\t<div class=\"elementor-element elementor-element-8bf5bac e-flex e-con-boxed e-con e-parent\" data-id=\"8bf5bac\" data-element_type=\"container\">\n\t\t\t\t\t<div class=\"e-con-inner\">\n\t\t<div class=\"elementor-element elementor-element-e7f3c7b e-flex e-con-boxed e-con e-child\" data-id=\"e7f3c7b\" data-element_type=\"container\">\n\t\t\t\t\t<div class=\"e-con-inner\">\n\t\t\t\t<div class=\"elementor-element elementor-element-28c06c8 elementor-widget elementor-widget-hiringhub_hero_title\" data-id=\"28c06c8\" data-element_type=\"widget\" data-widget_type=\"hiringhub_hero_title.default\">\n\t\t\t\t<div class=\"elementor-widget-container\">\n\t\t\t\t\t    \r\n    <div class=\"sec-title withtext te-box-title\">\r\n                <div class=\"sub-title\">\r\n            <h4 class=\"te-bn-subtitle\">OUR OFFICE<\/h4>        <\/div>\r\n                <h2 class=\"te-title hiringhub-size-default\">Ready to help \u2013 contact us now<\/h2>                <div class=\"text normal__text\">\r\n            <p><p>Don't hesitate to contact us and ask us about anything that's on your mind!<\/p><\/p>\r\n        <\/div>\r\n            <\/div>\r\n    \r\n    \t\t\t\t<\/div>\n\t\t\t\t<\/div>\n\t\t\t\t\t<\/div>\n\t\t\t\t<\/div>\n\t\t<div class=\"elementor-element elementor-element-f773b7b e-flex e-con-boxed e-con e-child\" data-id=\"f773b7b\" data-element_type=\"container\">\n\t\t\t\t\t<div class=\"e-con-inner\">\n\t\t<div class=\"elementor-element elementor-element-70fe956 e-con-full e-flex e-con e-child\" data-id=\"70fe956\" data-element_type=\"container\">\n\t\t\t\t<div class=\"elementor-element elementor-element-cba2be9 elementor-widget elementor-widget-hiringhub_icon_box\" data-id=\"cba2be9\" data-element_type=\"widget\" data-widget_type=\"hiringhub_icon_box.default\">\n\t\t\t\t<div class=\"elementor-widget-container\">\n\t\t\t\t\t    \r\n        \r\n    <div class=\"single-corporate-office-style1 text-center te-icon-box\">\r\n        <div class=\"icon te-icon\">\r\n            \t\t\t\t<img decoding=\"async\" src=\"https:\/\/mpsp.xudev.io\/wp-content\/uploads\/2025\/02\/corporate-office-icon-1.png\" title=\"corporate-office-icon-1\" alt=\"corporate-office-icon-1\" loading=\"lazy\" \/>                    <\/div>\r\n        <div class=\"title te-title\">\r\n            <h3><a href=\"https:\/\/maps.app.goo.gl\/TX98T4BEm685PmZN7\"  target=\"&quot;_blank&quot;\"  rel=\"&quot;nofollow&quot;\">Office location<\/a><\/h3>\r\n            <p class=\"te-text\">The office location is easily accessible.<\/p>\r\n        <\/div>\r\n        <div class=\"btn-box hiringhub-btn\">\r\n            <a href=\"https:\/\/maps.app.goo.gl\/TX98T4BEm685PmZN7\"  target=\"&quot;_blank&quot;\"  rel=\"&quot;nofollow&quot;\" class=\"yt-btn-title-v1\">\r\n                Show on map                <span class=\"icon-arrow-angle-pointing-to-right\"><\/span>\r\n            <\/a>\r\n        <\/div>\r\n        <div class=\"text te-address\">\r\n            <p>Schweriner Str. 12A 33803 Steinhagen<\/p>\r\n        <\/div>\r\n    <\/div>\r\n    \r\n        \t\t\t\t<\/div>\n\t\t\t\t<\/div>\n\t\t\t\t<\/div>\n\t\t<div class=\"elementor-element elementor-element-611073b e-con-full e-flex e-con e-child\" data-id=\"611073b\" data-element_type=\"container\">\n\t\t\t\t<div class=\"elementor-element elementor-element-3e73d72 elementor-widget elementor-widget-hiringhub_icon_box\" data-id=\"3e73d72\" data-element_type=\"widget\" data-widget_type=\"hiringhub_icon_box.default\">\n\t\t\t\t<div class=\"elementor-widget-container\">\n\t\t\t\t\t    \r\n        \r\n    <div class=\"single-corporate-office-style1 text-center te-icon-box\">\r\n        <div class=\"icon te-icon\">\r\n            \t\t\t\t<img decoding=\"async\" src=\"https:\/\/mpsp.xudev.io\/wp-content\/uploads\/2025\/02\/corporate-office-icon-2.png\" title=\"corporate-office-icon-2\" alt=\"corporate-office-icon-2\" loading=\"lazy\" \/>                    <\/div>\r\n        <div class=\"title te-title\">\r\n            <h3><a href=\"mailto:info@mpsp-partner.de\"  target=\"&quot;_blank&quot;\"  rel=\"&quot;nofollow&quot;\">Contact<\/a><\/h3>\r\n            <p class=\"te-text\">Please feel free to contact us<\/p>\r\n        <\/div>\r\n        <div class=\"btn-box hiringhub-btn\">\r\n            <a href=\"mailto:info@mpsp-partner.de\"  target=\"&quot;_blank&quot;\"  rel=\"&quot;nofollow&quot;\" class=\"yt-btn-title-v1\">\r\n                CALL US                <span class=\"icon-arrow-angle-pointing-to-right\"><\/span>\r\n            <\/a>\r\n        <\/div>\r\n        <div class=\"text\">\r\n            <p>\r\n                <a href=\"tel:(+49)-5204-8714421\" class=\"te-address\">(+49)-5204-8714421<\/a><br>                <a href=\"mailto:info@mpsp-partner.de\" class=\"te-address\">info@mpsp-partner.de<\/a>            <\/p>\r\n        <\/div>\r\n    <\/div>\r\n    \r\n        \t\t\t\t<\/div>\n\t\t\t\t<\/div>\n\t\t\t\t<\/div>\n\t\t<div class=\"elementor-element elementor-element-9b7bf38 e-con-full e-flex e-con e-child\" data-id=\"9b7bf38\" data-element_type=\"container\">\n\t\t\t\t<div class=\"elementor-element elementor-element-014dff4 elementor-widget elementor-widget-hiringhub_icon_box\" data-id=\"014dff4\" data-element_type=\"widget\" data-widget_type=\"hiringhub_icon_box.default\">\n\t\t\t\t<div class=\"elementor-widget-container\">\n\t\t\t\t\t    \r\n        \r\n    <div class=\"single-corporate-office-style1 text-center te-icon-box\">\r\n        <div class=\"icon te-icon\">\r\n            \t\t\t\t<img decoding=\"async\" src=\"https:\/\/mpsp.xudev.io\/wp-content\/uploads\/2025\/02\/corporate-office-icon-3.png\" title=\"corporate-office-icon-3\" alt=\"corporate-office-icon-3\" loading=\"lazy\" \/>                    <\/div>\r\n        <div class=\"title te-title\">\r\n            <h3><a href=\"tel:(+49)-5204-8714421\"  target=\"&quot;_blank&quot;\"  rel=\"&quot;nofollow&quot;\">Working time<\/a><\/h3>\r\n            <p class=\"te-text\">Make an appointment<\/p>\r\n        <\/div>\r\n        <div class=\"btn-box hiringhub-btn\">\r\n            <a href=\"tel:(+49)-5204-8714421\"  target=\"&quot;_blank&quot;\"  rel=\"&quot;nofollow&quot;\" class=\"yt-btn-title-v1\">\r\n                appointment                <span class=\"icon-arrow-angle-pointing-to-right\"><\/span>\r\n            <\/a>\r\n        <\/div>\r\n        <div class=\"text te-address\">\r\n            <p><span>Mon-Fri: <\/span> 9:00-18:00H<br><span>Sat-Sun: <\/span>Closed.<\/p>\r\n        <\/div>\r\n    <\/div>\r\n    \r\n        \t\t\t\t<\/div>\n\t\t\t\t<\/div>\n\t\t\t\t<\/div>\n\t\t\t\t\t<\/div>\n\t\t\t\t<\/div>\n\t\t\t\t\t<\/div>\n\t\t\t\t<\/div>\n\t\t<div class=\"elementor-element elementor-element-04bffff e-con-full e-flex e-con e-parent\" data-id=\"04bffff\" data-element_type=\"container\">\n\t\t\t\t<div class=\"elementor-element elementor-element-7a79b34 elementor-widget elementor-widget-hiringhub_form\" data-id=\"7a79b34\" data-element_type=\"widget\" data-widget_type=\"hiringhub_form.default\">\n\t\t\t\t<div class=\"elementor-widget-container\">\n\t\t\t\t\t    \n\t\t\n    <section class=\"main-contact-form\">\n        <div class=\"container\">\n                        <div class=\"sec-title withtext text-center\">\n                                <div class=\"sub-title\">\n                    <h4>Get in touch<\/h4>\n                <\/div>\n                                <h2>Contact us<\/h2>                                <div class=\"text\">\n                    <p>Simply fill out the form below and we will get back to you as soon as possible!<\/p>\n                <\/div>\n                            <\/div>\n                                    <div class=\"contact-form\">\n                <div id=\"contact-form\" class=\"default-form2\">\n                    \n<div class=\"wpcf7 no-js\" id=\"wpcf7-f626-o1\" lang=\"en-US\" dir=\"ltr\" data-wpcf7-id=\"626\">\n<div class=\"screen-reader-response\"><p role=\"status\" aria-live=\"polite\" aria-atomic=\"true\"><\/p> <ul><\/ul><\/div>\n<form action=\"\/en\/wp-json\/wp\/v2\/pages\/815#wpcf7-f626-o1\" method=\"post\" class=\"wpcf7-form init\" aria-label=\"Contact form\" novalidate=\"novalidate\" data-status=\"init\" data-trp-original-action=\"\/en\/wp-json\/wp\/v2\/pages\/815#wpcf7-f626-o1\">\n<div style=\"display: none;\">\n<input type=\"hidden\" name=\"_wpcf7\" value=\"626\" \/>\n<input type=\"hidden\" name=\"_wpcf7_version\" value=\"6.0.3\" \/>\n<input type=\"hidden\" name=\"_wpcf7_locale\" value=\"en_US\" \/>\n<input type=\"hidden\" name=\"_wpcf7_unit_tag\" value=\"wpcf7-f626-o1\" \/>\n<input type=\"hidden\" name=\"_wpcf7_container_post\" value=\"0\" \/>\n<input type=\"hidden\" name=\"_wpcf7_posted_data_hash\" value=\"\" \/>\n<\/div>\n<div class=\"row\">\n\t<div class=\"col-xl-6 col-lg-6 col-md-6\">\n\t\t<div class=\"get-in-touch-style1__form-left\">\n\t\t\t<div class=\"form-group\">\n\t\t\t\t<div class=\"input-box\">\n\t\t\t\t\t<p><span class=\"wpcf7-form-control-wrap\" data-name=\"text-335\"><input size=\"40\" maxlength=\"400\" class=\"wpcf7-form-control wpcf7-text wpcf7-validates-as-required\" id=\"formName\" aria-required=\"true\" aria-invalid=\"false\" placeholder=\"Your name\" value=\"\" type=\"text\" name=\"text-335\" \/><\/span>\n\t\t\t\t\t<\/p>\n\t\t\t\t<\/div>\n\t\t\t<\/div>\n\t\t\t<div class=\"form-group\">\n\t\t\t\t<div class=\"input-box\">\n\t\t\t\t\t<p><span class=\"wpcf7-form-control-wrap\" data-name=\"email-146\"><input size=\"40\" maxlength=\"400\" class=\"wpcf7-form-control wpcf7-email wpcf7-validates-as-required wpcf7-text wpcf7-validates-as-email\" id=\"formEmail\" aria-required=\"true\" aria-invalid=\"false\" placeholder=\"E-mail address\" value=\"\" type=\"email\" name=\"email-146\" \/><\/span>\n\t\t\t\t\t<\/p>\n\t\t\t\t<\/div>\n\t\t\t<\/div>\n\t\t\t<div class=\"form-group\">\n\t\t\t\t<div class=\"input-box\">\n\t\t\t\t\t<p><span class=\"wpcf7-form-control-wrap\" data-name=\"text-336\"><input size=\"40\" maxlength=\"400\" class=\"wpcf7-form-control wpcf7-text wpcf7-validates-as-required\" id=\"formPhone\" aria-required=\"true\" aria-invalid=\"false\" placeholder=\"Phone\" value=\"\" type=\"text\" name=\"text-336\" \/><\/span>\n\t\t\t\t\t<\/p>\n\t\t\t\t<\/div>\n\t\t\t<\/div>\n\t\t\t<div class=\"form-group\">\n\t\t\t\t<div class=\"input-box\">\n\t\t\t\t\t<p><span class=\"wpcf7-form-control-wrap\" data-name=\"text-337\"><input size=\"40\" maxlength=\"400\" class=\"wpcf7-form-control wpcf7-text wpcf7-validates-as-required\" id=\"formSubject\" aria-required=\"true\" aria-invalid=\"false\" placeholder=\"Inquiry\" value=\"\" type=\"text\" name=\"text-337\" \/><\/span>\n\t\t\t\t\t<\/p>\n\t\t\t\t<\/div>\n\t\t\t<\/div>\n\t\t<\/div>\n\t<\/div>\n\t<div class=\"col-xl-6 col-lg-6 col-md-6\">\n\t\t<div class=\"get-in-touch-style1__form-right\">\n\t\t\t<div class=\"form-group\">\n\t\t\t\t<div class=\"input-box\">\n\t\t\t\t\t<p><span class=\"wpcf7-form-control-wrap\" data-name=\"textarea-945\"><textarea cols=\"40\" rows=\"10\" maxlength=\"2000\" class=\"wpcf7-form-control wpcf7-textarea wpcf7-validates-as-required\" id=\"formMessage\" aria-required=\"true\" aria-invalid=\"false\" placeholder=\"Write your message here...\" name=\"textarea-945\"><\/textarea><\/span>\n\t\t\t\t\t<\/p>\n\t\t\t\t<\/div>\n\t\t\t<\/div>\n\t\t<\/div>\n\t<\/div>\n<\/div>\n<div class=\"row\">\n\t<div class=\"col-xl-12 text-center\">\n\t\t<div class=\"button-box\">\n\t\t\t<div class=\"checked-box2\">\n\t\t\t\t<p><input type=\"checkbox\" name=\"agree\" id=\"iamagree\" \/><label for=\"iamagree\"><span><\/span>I agree to the general terms and conditions<\/label>\n\t\t\t\t<\/p>\n\t\t\t<\/div>\n\t\t\t<p><button class=\"btn-one\" type=\"submit\" data-loading-text=\"Bitte warten...\"><span class=\"txt\">Send Message<\/span><\/button>\n\t\t\t<\/p>\n\t\t<\/div>\n\t<\/div>\n<\/div><div class=\"wpcf7-response-output\" aria-hidden=\"true\"><\/div>\n<input type=\"hidden\" name=\"trp-form-language\" value=\"en\"\/><\/form>\n<\/div>\n                <\/div>\n            <\/div>\n\t\t\t        <\/div>\n    <\/section>\n    \n    \t\t\t\t<\/div>\n\t\t\t\t<\/div>\n\t\t\t\t<div class=\"elementor-element elementor-element-3a72cce elementor-absolute elementor-widget elementor-widget-spacer\" data-id=\"3a72cce\" data-element_type=\"widget\" data-settings=\"{&quot;_position&quot;:&quot;absolute&quot;}\" data-widget_type=\"spacer.default\">\n\t\t\t\t<div class=\"elementor-widget-container\">\n\t\t\t\t\t\t\t<div class=\"elementor-spacer\">\n\t\t\t<div class=\"elementor-spacer-inner\"><\/div>\n\t\t<\/div>\n\t\t\t\t\t\t<\/div>\n\t\t\t\t<\/div>\n\t\t\t\t<\/div>\n\t\t\t\t<\/div>","protected":false},"excerpt":{"rendered":"<p>UNSER B\u00dcRO Bereit zu helfen \u2013 kontaktieren Sie uns jetzt Z\u00f6gern Sie nicht, mit uns Kontakt aufzunehmen und uns nach allem zu fragen, was Ihnen auf dem Herzen liegt! B\u00fcrostandort Der B\u00fcrostandort ist gut erreichbar. Auf der Karte anzeigen Schweriner Str. 12A 33803 Steinhagen Kontakt Nehmen Sie gerne Kontakt zu uns auf RUFEN SIE UNS [&hellip;]<\/p>","protected":false},"author":1,"featured_media":0,"parent":0,"menu_order":0,"comment_status":"closed","ping_status":"closed","template":"tpl-default-elementor.php","meta":{"footnotes":""},"class_list":["post-815","page","type-page","status-publish","hentry"],"_links":{"self":[{"href":"https:\/\/mpsp.xudev.io\/en\/wp-json\/wp\/v2\/pages\/815","targetHints":{"allow":["GET"]}}],"collection":[{"href":"https:\/\/mpsp.xudev.io\/en\/wp-json\/wp\/v2\/pages"}],"about":[{"href":"https:\/\/mpsp.xudev.io\/en\/wp-json\/wp\/v2\/types\/page"}],"author":[{"embeddable":true,"href":"https:\/\/mpsp.xudev.io\/en\/wp-json\/wp\/v2\/users\/1"}],"replies":[{"embeddable":true,"href":"https:\/\/mpsp.xudev.io\/en\/wp-json\/wp\/v2\/comments?post=815"}],"version-history":[{"count":46,"href":"https:\/\/mpsp.xudev.io\/en\/wp-json\/wp\/v2\/pages\/815\/revisions"}],"predecessor-version":[{"id":3336,"href":"https:\/\/mpsp.xudev.io\/en\/wp-json\/wp\/v2\/pages\/815\/revisions\/3336"}],"wp:attachment":[{"href":"https:\/\/mpsp.xudev.io\/en\/wp-json\/wp\/v2\/media?parent=815"}],"curies":[{"name":"wp","href":"https:\/\/api.w.org\/{rel}","templated":true}]}}